{"id":2280,"date":"2021-05-06T08:02:00","date_gmt":"2021-05-06T08:02:00","guid":{"rendered":"https:\/\/regio10.hu\/home\/kapcsolat\/"},"modified":"2026-03-06T14:04:29","modified_gmt":"2026-03-06T13:04:29","slug":"kapcsolat","status":"publish","type":"page","link":"https:\/\/regio10.hu\/en\/home\/kapcsolat\/","title":{"rendered":"Contact"},"content":{"rendered":"","protected":false},"excerpt":{"rendered":"","protected":false},"author":1,"featured_media":0,"parent":2102,"menu_order":7,"comment_status":"closed","ping_status":"closed","template":"templates\/kapcsolat.php","meta":[],"acf":[],"yoast_head":"<!-- This site is optimized with the Yoast SEO plugin v18.1 - https:\/\/yoast.com\/wordpress\/plugins\/seo\/ -->\n<meta name=\"robots\" content=\"index, follow, max-snippet:-1, max-image-preview:large, max-video-preview:-1\" \/>\n<link rel=\"canonical\" href=\"https:\/\/regio10.hu\/en\/home\/kapcsolat\/\" \/>\n<meta property=\"og:locale\" content=\"en_US\" \/>\n<meta property=\"og:type\" content=\"article\" \/>\n<meta property=\"og:title\" content=\"Contact - R\u00e9gi\u00f3-10 Kft.\" \/>\n<meta property=\"og:url\" content=\"https:\/\/regio10.hu\/en\/home\/kapcsolat\/\" \/>\n<meta property=\"og:site_name\" content=\"R\u00e9gi\u00f3-10 Kft.\" \/>\n<meta property=\"article:modified_time\" content=\"2026-03-06T13:04:29+00:00\" \/>\n<meta name=\"twitter:card\" content=\"summary_large_image\" \/>\n<script type=\"application\/ld+json\" class=\"yoast-schema-graph\">{\"@context\":\"https:\/\/schema.org\",\"@graph\":[{\"@type\":\"WebSite\",\"@id\":\"https:\/\/regio10.hu\/#website\",\"url\":\"https:\/\/regio10.hu\/\",\"name\":\"R\u00e9gi\u00f3-10 Kft.\",\"description\":\"Rendezv\u00e9nyszervez\u00e9s Szegeden \u00e9s az eg\u00e9sz orsz\u00e1gban\",\"potentialAction\":[{\"@type\":\"SearchAction\",\"target\":{\"@type\":\"EntryPoint\",\"urlTemplate\":\"https:\/\/regio10.hu\/?s={search_term_string}\"},\"query-input\":\"required name=search_term_string\"}],\"inLanguage\":\"en-US\"},{\"@type\":\"WebPage\",\"@id\":\"https:\/\/regio10.hu\/en\/home\/kapcsolat\/#webpage\",\"url\":\"https:\/\/regio10.hu\/en\/home\/kapcsolat\/\",\"name\":\"Contact - R\u00e9gi\u00f3-10 Kft.\",\"isPartOf\":{\"@id\":\"https:\/\/regio10.hu\/#website\"},\"datePublished\":\"2021-05-06T08:02:00+00:00\",\"dateModified\":\"2026-03-06T13:04:29+00:00\",\"breadcrumb\":{\"@id\":\"https:\/\/regio10.hu\/en\/home\/kapcsolat\/#breadcrumb\"},\"inLanguage\":\"en-US\",\"potentialAction\":[{\"@type\":\"ReadAction\",\"target\":[\"https:\/\/regio10.hu\/en\/home\/kapcsolat\/\"]}]},{\"@type\":\"BreadcrumbList\",\"@id\":\"https:\/\/regio10.hu\/en\/home\/kapcsolat\/#breadcrumb\",\"itemListElement\":[{\"@type\":\"ListItem\",\"position\":1,\"name\":\"Home\",\"item\":\"https:\/\/regio10.hu\/en\/\"},{\"@type\":\"ListItem\",\"position\":2,\"name\":\"Contact\"}]}]}<\/script>\n<!-- \/ Yoast SEO plugin. -->","yoast_head_json":{"robots":{"index":"index","follow":"follow","max-snippet":"max-snippet:-1","max-image-preview":"max-image-preview:large","max-video-preview":"max-video-preview:-1"},"canonical":"https:\/\/regio10.hu\/en\/home\/kapcsolat\/","og_locale":"en_US","og_type":"article","og_title":"Contact - R\u00e9gi\u00f3-10 Kft.","og_url":"https:\/\/regio10.hu\/en\/home\/kapcsolat\/","og_site_name":"R\u00e9gi\u00f3-10 Kft.","article_modified_time":"2026-03-06T13:04:29+00:00","twitter_card":"summary_large_image","schema":{"@context":"https:\/\/schema.org","@graph":[{"@type":"WebSite","@id":"https:\/\/regio10.hu\/#website","url":"https:\/\/regio10.hu\/","name":"R\u00e9gi\u00f3-10 Kft.","description":"Rendezv\u00e9nyszervez\u00e9s Szegeden \u00e9s az eg\u00e9sz orsz\u00e1gban","potentialAction":[{"@type":"SearchAction","target":{"@type":"EntryPoint","urlTemplate":"https:\/\/regio10.hu\/?s={search_term_string}"},"query-input":"required name=search_term_string"}],"inLanguage":"en-US"},{"@type":"WebPage","@id":"https:\/\/regio10.hu\/en\/home\/kapcsolat\/#webpage","url":"https:\/\/regio10.hu\/en\/home\/kapcsolat\/","name":"Contact - R\u00e9gi\u00f3-10 Kft.","isPartOf":{"@id":"https:\/\/regio10.hu\/#website"},"datePublished":"2021-05-06T08:02:00+00:00","dateModified":"2026-03-06T13:04:29+00:00","breadcrumb":{"@id":"https:\/\/regio10.hu\/en\/home\/kapcsolat\/#breadcrumb"},"inLanguage":"en-US","potentialAction":[{"@type":"ReadAction","target":["https:\/\/regio10.hu\/en\/home\/kapcsolat\/"]}]},{"@type":"BreadcrumbList","@id":"https:\/\/regio10.hu\/en\/home\/kapcsolat\/#breadcrumb","itemListElement":[{"@type":"ListItem","position":1,"name":"Home","item":"https:\/\/regio10.hu\/en\/"},{"@type":"ListItem","position":2,"name":"Contact"}]}]}},"_links":{"self":[{"href":"https:\/\/regio10.hu\/en\/wp-json\/wp\/v2\/pages\/2280"}],"collection":[{"href":"https:\/\/regio10.hu\/en\/wp-json\/wp\/v2\/pages"}],"about":[{"href":"https:\/\/regio10.hu\/en\/wp-json\/wp\/v2\/types\/page"}],"author":[{"embeddable":true,"href":"https:\/\/regio10.hu\/en\/wp-json\/wp\/v2\/users\/1"}],"replies":[{"embeddable":true,"href":"https:\/\/regio10.hu\/en\/wp-json\/wp\/v2\/comments?post=2280"}],"version-history":[{"count":38,"href":"https:\/\/regio10.hu\/en\/wp-json\/wp\/v2\/pages\/2280\/revisions"}],"predecessor-version":[{"id":20306,"href":"https:\/\/regio10.hu\/en\/wp-json\/wp\/v2\/pages\/2280\/revisions\/20306"}],"up":[{"embeddable":true,"href":"https:\/\/regio10.hu\/en\/wp-json\/wp\/v2\/pages\/2102"}],"wp:attachment":[{"href":"https:\/\/regio10.hu\/en\/wp-json\/wp\/v2\/media?parent=2280"}],"curies":[{"name":"wp","href":"https:\/\/api.w.org\/{rel}","templated":true}]}}