{"id":2343,"date":"2021-05-14T10:11:16","date_gmt":"2021-05-14T10:11:16","guid":{"rendered":"https:\/\/regio10.hu\/home\/szolgaltatasok\/eszkozberles\/"},"modified":"2023-03-28T12:53:55","modified_gmt":"2023-03-28T12:53:55","slug":"eszkozberles","status":"publish","type":"page","link":"https:\/\/regio10.hu\/en\/home\/szolgaltatasok\/eszkozberles\/","title":{"rendered":"Equipment rental"},"content":{"rendered":"\r\n<p>The secret of a good presentation is reliable equipment. Hire from us!<\/p>\r\n","protected":false},"excerpt":{"rendered":"<p>The secret of a good presentation is reliable equipment. Hire from us!<\/p>\n","protected":false},"author":1,"featured_media":385,"parent":2281,"menu_order":12,"comment_status":"closed","ping_status":"closed","template":"templates\/eszkozberles.php","meta":[],"acf":[],"yoast_head":"<!-- This site is optimized with the Yoast SEO plugin v18.1 - https:\/\/yoast.com\/wordpress\/plugins\/seo\/ -->\n<meta name=\"robots\" content=\"index, follow, max-snippet:-1, max-image-preview:large, max-video-preview:-1\" \/>\n<link rel=\"canonical\" href=\"https:\/\/regio10.hu\/en\/home\/szolgaltatasok\/eszkozberles\/\" \/>\n<meta property=\"og:locale\" content=\"en_US\" \/>\n<meta property=\"og:type\" content=\"article\" \/>\n<meta property=\"og:title\" content=\"Equipment rental - R\u00e9gi\u00f3-10 Kft.\" \/>\n<meta property=\"og:description\" content=\"The secret of a good presentation is reliable equipment. Hire from us!\" \/>\n<meta property=\"og:url\" content=\"https:\/\/regio10.hu\/en\/home\/szolgaltatasok\/eszkozberles\/\" \/>\n<meta property=\"og:site_name\" content=\"R\u00e9gi\u00f3-10 Kft.\" \/>\n<meta property=\"article:modified_time\" content=\"2023-03-28T12:53:55+00:00\" \/>\n<meta property=\"og:image\" content=\"http:\/\/regio10.hu\/wp-content\/uploads\/2021\/05\/eszkozberles.png\" \/>\n\t<meta property=\"og:image:width\" content=\"756\" \/>\n\t<meta property=\"og:image:height\" content=\"364\" \/>\n\t<meta property=\"og:image:type\" content=\"image\/png\" \/>\n<meta name=\"twitter:card\" content=\"summary_large_image\" \/>\n<script type=\"application\/ld+json\" class=\"yoast-schema-graph\">{\"@context\":\"https:\/\/schema.org\",\"@graph\":[{\"@type\":\"WebSite\",\"@id\":\"https:\/\/regio10.hu\/#website\",\"url\":\"https:\/\/regio10.hu\/\",\"name\":\"R\u00e9gi\u00f3-10 Kft.\",\"description\":\"Rendezv\u00e9nyszervez\u00e9s Szegeden \u00e9s az eg\u00e9sz orsz\u00e1gban\",\"potentialAction\":[{\"@type\":\"SearchAction\",\"target\":{\"@type\":\"EntryPoint\",\"urlTemplate\":\"https:\/\/regio10.hu\/?s={search_term_string}\"},\"query-input\":\"required name=search_term_string\"}],\"inLanguage\":\"en-US\"},{\"@type\":\"ImageObject\",\"@id\":\"https:\/\/regio10.hu\/en\/home\/szolgaltatasok\/eszkozberles\/#primaryimage\",\"inLanguage\":\"en-US\",\"url\":\"https:\/\/regio10.hu\/wp-content\/uploads\/2021\/05\/eszkozberles.png\",\"contentUrl\":\"https:\/\/regio10.hu\/wp-content\/uploads\/2021\/05\/eszkozberles.png\",\"width\":756,\"height\":364},{\"@type\":\"WebPage\",\"@id\":\"https:\/\/regio10.hu\/en\/home\/szolgaltatasok\/eszkozberles\/#webpage\",\"url\":\"https:\/\/regio10.hu\/en\/home\/szolgaltatasok\/eszkozberles\/\",\"name\":\"Equipment rental - R\u00e9gi\u00f3-10 Kft.\",\"isPartOf\":{\"@id\":\"https:\/\/regio10.hu\/#website\"},\"primaryImageOfPage\":{\"@id\":\"https:\/\/regio10.hu\/en\/home\/szolgaltatasok\/eszkozberles\/#primaryimage\"},\"datePublished\":\"2021-05-14T10:11:16+00:00\",\"dateModified\":\"2023-03-28T12:53:55+00:00\",\"breadcrumb\":{\"@id\":\"https:\/\/regio10.hu\/en\/home\/szolgaltatasok\/eszkozberles\/#breadcrumb\"},\"inLanguage\":\"en-US\",\"potentialAction\":[{\"@type\":\"ReadAction\",\"target\":[\"https:\/\/regio10.hu\/en\/home\/szolgaltatasok\/eszkozberles\/\"]}]},{\"@type\":\"BreadcrumbList\",\"@id\":\"https:\/\/regio10.hu\/en\/home\/szolgaltatasok\/eszkozberles\/#breadcrumb\",\"itemListElement\":[{\"@type\":\"ListItem\",\"position\":1,\"name\":\"Home\",\"item\":\"https:\/\/regio10.hu\/en\/\"},{\"@type\":\"ListItem\",\"position\":2,\"name\":\"Services\",\"item\":\"https:\/\/regio10.hu\/en\/home\/szolgaltatasok\/\"},{\"@type\":\"ListItem\",\"position\":3,\"name\":\"Equipment rental\"}]}]}<\/script>\n<!-- \/ Yoast SEO plugin. -->","yoast_head_json":{"robots":{"index":"index","follow":"follow","max-snippet":"max-snippet:-1","max-image-preview":"max-image-preview:large","max-video-preview":"max-video-preview:-1"},"canonical":"https:\/\/regio10.hu\/en\/home\/szolgaltatasok\/eszkozberles\/","og_locale":"en_US","og_type":"article","og_title":"Equipment rental - R\u00e9gi\u00f3-10 Kft.","og_description":"The secret of a good presentation is reliable equipment. Hire from us!","og_url":"https:\/\/regio10.hu\/en\/home\/szolgaltatasok\/eszkozberles\/","og_site_name":"R\u00e9gi\u00f3-10 Kft.","article_modified_time":"2023-03-28T12:53:55+00:00","og_image":[{"width":756,"height":364,"url":"http:\/\/regio10.hu\/wp-content\/uploads\/2021\/05\/eszkozberles.png","type":"image\/png"}],"twitter_card":"summary_large_image","schema":{"@context":"https:\/\/schema.org","@graph":[{"@type":"WebSite","@id":"https:\/\/regio10.hu\/#website","url":"https:\/\/regio10.hu\/","name":"R\u00e9gi\u00f3-10 Kft.","description":"Rendezv\u00e9nyszervez\u00e9s Szegeden \u00e9s az eg\u00e9sz orsz\u00e1gban","potentialAction":[{"@type":"SearchAction","target":{"@type":"EntryPoint","urlTemplate":"https:\/\/regio10.hu\/?s={search_term_string}"},"query-input":"required name=search_term_string"}],"inLanguage":"en-US"},{"@type":"ImageObject","@id":"https:\/\/regio10.hu\/en\/home\/szolgaltatasok\/eszkozberles\/#primaryimage","inLanguage":"en-US","url":"https:\/\/regio10.hu\/wp-content\/uploads\/2021\/05\/eszkozberles.png","contentUrl":"https:\/\/regio10.hu\/wp-content\/uploads\/2021\/05\/eszkozberles.png","width":756,"height":364},{"@type":"WebPage","@id":"https:\/\/regio10.hu\/en\/home\/szolgaltatasok\/eszkozberles\/#webpage","url":"https:\/\/regio10.hu\/en\/home\/szolgaltatasok\/eszkozberles\/","name":"Equipment rental - R\u00e9gi\u00f3-10 Kft.","isPartOf":{"@id":"https:\/\/regio10.hu\/#website"},"primaryImageOfPage":{"@id":"https:\/\/regio10.hu\/en\/home\/szolgaltatasok\/eszkozberles\/#primaryimage"},"datePublished":"2021-05-14T10:11:16+00:00","dateModified":"2023-03-28T12:53:55+00:00","breadcrumb":{"@id":"https:\/\/regio10.hu\/en\/home\/szolgaltatasok\/eszkozberles\/#breadcrumb"},"inLanguage":"en-US","potentialAction":[{"@type":"ReadAction","target":["https:\/\/regio10.hu\/en\/home\/szolgaltatasok\/eszkozberles\/"]}]},{"@type":"BreadcrumbList","@id":"https:\/\/regio10.hu\/en\/home\/szolgaltatasok\/eszkozberles\/#breadcrumb","itemListElement":[{"@type":"ListItem","position":1,"name":"Home","item":"https:\/\/regio10.hu\/en\/"},{"@type":"ListItem","position":2,"name":"Services","item":"https:\/\/regio10.hu\/en\/home\/szolgaltatasok\/"},{"@type":"ListItem","position":3,"name":"Equipment rental"}]}]}},"_links":{"self":[{"href":"https:\/\/regio10.hu\/en\/wp-json\/wp\/v2\/pages\/2343"}],"collection":[{"href":"https:\/\/regio10.hu\/en\/wp-json\/wp\/v2\/pages"}],"about":[{"href":"https:\/\/regio10.hu\/en\/wp-json\/wp\/v2\/types\/page"}],"author":[{"embeddable":true,"href":"https:\/\/regio10.hu\/en\/wp-json\/wp\/v2\/users\/1"}],"replies":[{"embeddable":true,"href":"https:\/\/regio10.hu\/en\/wp-json\/wp\/v2\/comments?post=2343"}],"version-history":[{"count":11,"href":"https:\/\/regio10.hu\/en\/wp-json\/wp\/v2\/pages\/2343\/revisions"}],"predecessor-version":[{"id":10195,"href":"https:\/\/regio10.hu\/en\/wp-json\/wp\/v2\/pages\/2343\/revisions\/10195"}],"up":[{"embeddable":true,"href":"https:\/\/regio10.hu\/en\/wp-json\/wp\/v2\/pages\/2281"}],"wp:featuredmedia":[{"embeddable":true,"href":"https:\/\/regio10.hu\/en\/wp-json\/wp\/v2\/media\/385"}],"wp:attachment":[{"href":"https:\/\/regio10.hu\/en\/wp-json\/wp\/v2\/media?parent=2343"}],"curies":[{"name":"wp","href":"https:\/\/api.w.org\/{rel}","templated":true}]}}