{"id":2360,"date":"2022-02-15T12:58:58","date_gmt":"2022-02-15T12:58:58","guid":{"rendered":"https:\/\/regio10.hu\/palyazatok-2\/"},"modified":"2022-02-17T08:41:39","modified_gmt":"2022-02-17T08:41:39","slug":"palyazatok-2","status":"publish","type":"page","link":"https:\/\/regio10.hu\/en\/palyazatok-2\/","title":{"rendered":"Tenders"},"content":{"rendered":"","protected":false},"excerpt":{"rendered":"","protected":false},"author":2,"featured_media":0,"parent":0,"menu_order":0,"comment_status":"closed","ping_status":"closed","template":"templates\/rolunk.php","meta":[],"acf":[],"yoast_head":"<!-- This site is optimized with the Yoast SEO plugin v18.1 - https:\/\/yoast.com\/wordpress\/plugins\/seo\/ -->\n<meta name=\"robots\" content=\"index, follow, max-snippet:-1, max-image-preview:large, max-video-preview:-1\" \/>\n<link rel=\"canonical\" href=\"https:\/\/regio10.hu\/en\/palyazatok-2\/\" \/>\n<meta property=\"og:locale\" content=\"en_US\" \/>\n<meta property=\"og:type\" content=\"article\" \/>\n<meta property=\"og:title\" content=\"Tenders - R\u00e9gi\u00f3-10 Kft.\" \/>\n<meta property=\"og:url\" content=\"https:\/\/regio10.hu\/en\/palyazatok-2\/\" \/>\n<meta property=\"og:site_name\" content=\"R\u00e9gi\u00f3-10 Kft.\" \/>\n<meta property=\"article:modified_time\" content=\"2022-02-17T08:41:39+00:00\" \/>\n<meta name=\"twitter:card\" content=\"summary_large_image\" \/>\n<script type=\"application\/ld+json\" class=\"yoast-schema-graph\">{\"@context\":\"https:\/\/schema.org\",\"@graph\":[{\"@type\":\"WebSite\",\"@id\":\"https:\/\/regio10.hu\/#website\",\"url\":\"https:\/\/regio10.hu\/\",\"name\":\"R\u00e9gi\u00f3-10 Kft.\",\"description\":\"Rendezv\u00e9nyszervez\u00e9s Szegeden \u00e9s az eg\u00e9sz orsz\u00e1gban\",\"potentialAction\":[{\"@type\":\"SearchAction\",\"target\":{\"@type\":\"EntryPoint\",\"urlTemplate\":\"https:\/\/regio10.hu\/?s={search_term_string}\"},\"query-input\":\"required name=search_term_string\"}],\"inLanguage\":\"en-US\"},{\"@type\":\"WebPage\",\"@id\":\"https:\/\/regio10.hu\/en\/palyazatok-2\/#webpage\",\"url\":\"https:\/\/regio10.hu\/en\/palyazatok-2\/\",\"name\":\"Tenders - R\u00e9gi\u00f3-10 Kft.\",\"isPartOf\":{\"@id\":\"https:\/\/regio10.hu\/#website\"},\"datePublished\":\"2022-02-15T12:58:58+00:00\",\"dateModified\":\"2022-02-17T08:41:39+00:00\",\"breadcrumb\":{\"@id\":\"https:\/\/regio10.hu\/en\/palyazatok-2\/#breadcrumb\"},\"inLanguage\":\"en-US\",\"potentialAction\":[{\"@type\":\"ReadAction\",\"target\":[\"https:\/\/regio10.hu\/en\/palyazatok-2\/\"]}]},{\"@type\":\"BreadcrumbList\",\"@id\":\"https:\/\/regio10.hu\/en\/palyazatok-2\/#breadcrumb\",\"itemListElement\":[{\"@type\":\"ListItem\",\"position\":1,\"name\":\"Tenders\"}]}]}<\/script>\n<!-- \/ Yoast SEO plugin. -->","yoast_head_json":{"robots":{"index":"index","follow":"follow","max-snippet":"max-snippet:-1","max-image-preview":"max-image-preview:large","max-video-preview":"max-video-preview:-1"},"canonical":"https:\/\/regio10.hu\/en\/palyazatok-2\/","og_locale":"en_US","og_type":"article","og_title":"Tenders - R\u00e9gi\u00f3-10 Kft.","og_url":"https:\/\/regio10.hu\/en\/palyazatok-2\/","og_site_name":"R\u00e9gi\u00f3-10 Kft.","article_modified_time":"2022-02-17T08:41:39+00:00","twitter_card":"summary_large_image","schema":{"@context":"https:\/\/schema.org","@graph":[{"@type":"WebSite","@id":"https:\/\/regio10.hu\/#website","url":"https:\/\/regio10.hu\/","name":"R\u00e9gi\u00f3-10 Kft.","description":"Rendezv\u00e9nyszervez\u00e9s Szegeden \u00e9s az eg\u00e9sz orsz\u00e1gban","potentialAction":[{"@type":"SearchAction","target":{"@type":"EntryPoint","urlTemplate":"https:\/\/regio10.hu\/?s={search_term_string}"},"query-input":"required name=search_term_string"}],"inLanguage":"en-US"},{"@type":"WebPage","@id":"https:\/\/regio10.hu\/en\/palyazatok-2\/#webpage","url":"https:\/\/regio10.hu\/en\/palyazatok-2\/","name":"Tenders - R\u00e9gi\u00f3-10 Kft.","isPartOf":{"@id":"https:\/\/regio10.hu\/#website"},"datePublished":"2022-02-15T12:58:58+00:00","dateModified":"2022-02-17T08:41:39+00:00","breadcrumb":{"@id":"https:\/\/regio10.hu\/en\/palyazatok-2\/#breadcrumb"},"inLanguage":"en-US","potentialAction":[{"@type":"ReadAction","target":["https:\/\/regio10.hu\/en\/palyazatok-2\/"]}]},{"@type":"BreadcrumbList","@id":"https:\/\/regio10.hu\/en\/palyazatok-2\/#breadcrumb","itemListElement":[{"@type":"ListItem","position":1,"name":"Tenders"}]}]}},"_links":{"self":[{"href":"https:\/\/regio10.hu\/en\/wp-json\/wp\/v2\/pages\/2360"}],"collection":[{"href":"https:\/\/regio10.hu\/en\/wp-json\/wp\/v2\/pages"}],"about":[{"href":"https:\/\/regio10.hu\/en\/wp-json\/wp\/v2\/types\/page"}],"author":[{"embeddable":true,"href":"https:\/\/regio10.hu\/en\/wp-json\/wp\/v2\/users\/2"}],"replies":[{"embeddable":true,"href":"https:\/\/regio10.hu\/en\/wp-json\/wp\/v2\/comments?post=2360"}],"version-history":[{"count":1,"href":"https:\/\/regio10.hu\/en\/wp-json\/wp\/v2\/pages\/2360\/revisions"}],"predecessor-version":[{"id":2379,"href":"https:\/\/regio10.hu\/en\/wp-json\/wp\/v2\/pages\/2360\/revisions\/2379"}],"wp:attachment":[{"href":"https:\/\/regio10.hu\/en\/wp-json\/wp\/v2\/media?parent=2360"}],"curies":[{"name":"wp","href":"https:\/\/api.w.org\/{rel}","templated":true}]}}