{"id":10764,"date":"2023-05-09T11:52:06","date_gmt":"2023-05-09T11:56:53","guid":{"rendered":"https:\/\/regio10.hu\/?post_type=product&#038;p=10764"},"modified":"2024-01-08T13:12:04","modified_gmt":"2024-01-08T12:12:04","slug":"international-conference-on-spreading-depolarizations-2023","status":"publish","type":"product","link":"https:\/\/regio10.hu\/en\/rendezveny\/international-conference-on-spreading-depolarizations-2023\/","title":{"rendered":"International Conference on Spreading Depolarizations 2023"},"content":{"rendered":"","protected":false},"excerpt":{"rendered":"","protected":false},"featured_media":10761,"template":"","meta":[],"product_cat":[68,64],"product_tag":[108,69,86],"acf":[],"yoast_head":"<!-- This site is optimized with the Yoast SEO plugin v18.1 - https:\/\/yoast.com\/wordpress\/plugins\/seo\/ -->\n<meta name=\"robots\" content=\"index, follow, max-snippet:-1, max-image-preview:large, max-video-preview:-1\" \/>\n<link rel=\"canonical\" href=\"https:\/\/regio10.hu\/en\/rendezveny\/international-conference-on-spreading-depolarizations-2023\/\" \/>\n<meta property=\"og:locale\" content=\"en_US\" \/>\n<meta property=\"og:type\" content=\"article\" \/>\n<meta property=\"og:title\" content=\"International Conference on Spreading Depolarizations 2023 - R\u00e9gi\u00f3-10 Kft.\" \/>\n<meta property=\"og:url\" content=\"https:\/\/regio10.hu\/en\/rendezveny\/international-conference-on-spreading-depolarizations-2023\/\" \/>\n<meta property=\"og:site_name\" content=\"R\u00e9gi\u00f3-10 Kft.\" \/>\n<meta property=\"article:modified_time\" content=\"2024-01-08T12:12:04+00:00\" \/>\n<meta property=\"og:image\" content=\"http:\/\/regio10.hu\/wp-content\/uploads\/2023\/05\/SZTE1.jpg\" \/>\n\t<meta property=\"og:image:width\" content=\"600\" \/>\n\t<meta property=\"og:image:height\" content=\"324\" \/>\n\t<meta property=\"og:image:type\" content=\"image\/jpeg\" \/>\n<meta name=\"twitter:card\" content=\"summary_large_image\" \/>\n<script type=\"application\/ld+json\" class=\"yoast-schema-graph\">{\"@context\":\"https:\/\/schema.org\",\"@graph\":[{\"@type\":\"WebSite\",\"@id\":\"https:\/\/regio10.hu\/#website\",\"url\":\"https:\/\/regio10.hu\/\",\"name\":\"R\u00e9gi\u00f3-10 Kft.\",\"description\":\"Rendezv\u00e9nyszervez\u00e9s Szegeden \u00e9s az eg\u00e9sz orsz\u00e1gban\",\"potentialAction\":[{\"@type\":\"SearchAction\",\"target\":{\"@type\":\"EntryPoint\",\"urlTemplate\":\"https:\/\/regio10.hu\/?s={search_term_string}\"},\"query-input\":\"required name=search_term_string\"}],\"inLanguage\":\"en-US\"},{\"@type\":\"ImageObject\",\"@id\":\"https:\/\/regio10.hu\/en\/rendezveny\/international-conference-on-spreading-depolarizations-2023\/#primaryimage\",\"inLanguage\":\"en-US\",\"url\":\"https:\/\/regio10.hu\/wp-content\/uploads\/2023\/05\/SZTE1.jpg\",\"contentUrl\":\"https:\/\/regio10.hu\/wp-content\/uploads\/2023\/05\/SZTE1.jpg\",\"width\":600,\"height\":324},{\"@type\":\"WebPage\",\"@id\":\"https:\/\/regio10.hu\/en\/rendezveny\/international-conference-on-spreading-depolarizations-2023\/#webpage\",\"url\":\"https:\/\/regio10.hu\/en\/rendezveny\/international-conference-on-spreading-depolarizations-2023\/\",\"name\":\"International Conference on Spreading Depolarizations 2023 - R\u00e9gi\u00f3-10 Kft.\",\"isPartOf\":{\"@id\":\"https:\/\/regio10.hu\/#website\"},\"primaryImageOfPage\":{\"@id\":\"https:\/\/regio10.hu\/en\/rendezveny\/international-conference-on-spreading-depolarizations-2023\/#primaryimage\"},\"datePublished\":\"2023-05-09T11:56:53+00:00\",\"dateModified\":\"2024-01-08T12:12:04+00:00\",\"breadcrumb\":{\"@id\":\"https:\/\/regio10.hu\/en\/rendezveny\/international-conference-on-spreading-depolarizations-2023\/#breadcrumb\"},\"inLanguage\":\"en-US\",\"potentialAction\":[{\"@type\":\"ReadAction\",\"target\":[\"https:\/\/regio10.hu\/en\/rendezveny\/international-conference-on-spreading-depolarizations-2023\/\"]}]},{\"@type\":\"BreadcrumbList\",\"@id\":\"https:\/\/regio10.hu\/en\/rendezveny\/international-conference-on-spreading-depolarizations-2023\/#breadcrumb\",\"itemListElement\":[{\"@type\":\"ListItem\",\"position\":1,\"name\":\"Current domestic events\",\"item\":\"https:\/\/regio10.hu\/en\/product-category\/aktualis-belfold-en\/\"},{\"@type\":\"ListItem\",\"position\":2,\"name\":\"International Conference on Spreading Depolarizations 2023\"}]}]}<\/script>\n<!-- \/ Yoast SEO plugin. -->","yoast_head_json":{"robots":{"index":"index","follow":"follow","max-snippet":"max-snippet:-1","max-image-preview":"max-image-preview:large","max-video-preview":"max-video-preview:-1"},"canonical":"https:\/\/regio10.hu\/en\/rendezveny\/international-conference-on-spreading-depolarizations-2023\/","og_locale":"en_US","og_type":"article","og_title":"International Conference on Spreading Depolarizations 2023 - R\u00e9gi\u00f3-10 Kft.","og_url":"https:\/\/regio10.hu\/en\/rendezveny\/international-conference-on-spreading-depolarizations-2023\/","og_site_name":"R\u00e9gi\u00f3-10 Kft.","article_modified_time":"2024-01-08T12:12:04+00:00","og_image":[{"width":600,"height":324,"url":"http:\/\/regio10.hu\/wp-content\/uploads\/2023\/05\/SZTE1.jpg","type":"image\/jpeg"}],"twitter_card":"summary_large_image","schema":{"@context":"https:\/\/schema.org","@graph":[{"@type":"WebSite","@id":"https:\/\/regio10.hu\/#website","url":"https:\/\/regio10.hu\/","name":"R\u00e9gi\u00f3-10 Kft.","description":"Rendezv\u00e9nyszervez\u00e9s Szegeden \u00e9s az eg\u00e9sz orsz\u00e1gban","potentialAction":[{"@type":"SearchAction","target":{"@type":"EntryPoint","urlTemplate":"https:\/\/regio10.hu\/?s={search_term_string}"},"query-input":"required name=search_term_string"}],"inLanguage":"en-US"},{"@type":"ImageObject","@id":"https:\/\/regio10.hu\/en\/rendezveny\/international-conference-on-spreading-depolarizations-2023\/#primaryimage","inLanguage":"en-US","url":"https:\/\/regio10.hu\/wp-content\/uploads\/2023\/05\/SZTE1.jpg","contentUrl":"https:\/\/regio10.hu\/wp-content\/uploads\/2023\/05\/SZTE1.jpg","width":600,"height":324},{"@type":"WebPage","@id":"https:\/\/regio10.hu\/en\/rendezveny\/international-conference-on-spreading-depolarizations-2023\/#webpage","url":"https:\/\/regio10.hu\/en\/rendezveny\/international-conference-on-spreading-depolarizations-2023\/","name":"International Conference on Spreading Depolarizations 2023 - R\u00e9gi\u00f3-10 Kft.","isPartOf":{"@id":"https:\/\/regio10.hu\/#website"},"primaryImageOfPage":{"@id":"https:\/\/regio10.hu\/en\/rendezveny\/international-conference-on-spreading-depolarizations-2023\/#primaryimage"},"datePublished":"2023-05-09T11:56:53+00:00","dateModified":"2024-01-08T12:12:04+00:00","breadcrumb":{"@id":"https:\/\/regio10.hu\/en\/rendezveny\/international-conference-on-spreading-depolarizations-2023\/#breadcrumb"},"inLanguage":"en-US","potentialAction":[{"@type":"ReadAction","target":["https:\/\/regio10.hu\/en\/rendezveny\/international-conference-on-spreading-depolarizations-2023\/"]}]},{"@type":"BreadcrumbList","@id":"https:\/\/regio10.hu\/en\/rendezveny\/international-conference-on-spreading-depolarizations-2023\/#breadcrumb","itemListElement":[{"@type":"ListItem","position":1,"name":"Current domestic events","item":"https:\/\/regio10.hu\/en\/product-category\/aktualis-belfold-en\/"},{"@type":"ListItem","position":2,"name":"International Conference on Spreading Depolarizations 2023"}]}]}},"_links":{"self":[{"href":"https:\/\/regio10.hu\/en\/wp-json\/wp\/v2\/product\/10764"}],"collection":[{"href":"https:\/\/regio10.hu\/en\/wp-json\/wp\/v2\/product"}],"about":[{"href":"https:\/\/regio10.hu\/en\/wp-json\/wp\/v2\/types\/product"}],"version-history":[{"count":5,"href":"https:\/\/regio10.hu\/en\/wp-json\/wp\/v2\/product\/10764\/revisions"}],"predecessor-version":[{"id":13176,"href":"https:\/\/regio10.hu\/en\/wp-json\/wp\/v2\/product\/10764\/revisions\/13176"}],"wp:featuredmedia":[{"embeddable":true,"href":"https:\/\/regio10.hu\/en\/wp-json\/wp\/v2\/media\/10761"}],"wp:attachment":[{"href":"https:\/\/regio10.hu\/en\/wp-json\/wp\/v2\/media?parent=10764"}],"wp:term":[{"taxonomy":"product_cat","embeddable":true,"href":"https:\/\/regio10.hu\/en\/wp-json\/wp\/v2\/product_cat?post=10764"},{"taxonomy":"product_tag","embeddable":true,"href":"https:\/\/regio10.hu\/en\/wp-json\/wp\/v2\/product_tag?post=10764"}],"curies":[{"name":"wp","href":"https:\/\/api.w.org\/{rel}","templated":true}]}}