{"id":15005,"date":"2024-05-21T11:43:12","date_gmt":"2024-07-15T10:33:14","guid":{"rendered":"https:\/\/regio10.hu\/?post_type=product&#038;p=15005"},"modified":"2024-07-15T12:33:14","modified_gmt":"2024-07-15T10:33:14","slug":"35th-szeged-international-biblical-conference","status":"publish","type":"product","link":"https:\/\/regio10.hu\/en\/rendezveny\/35th-szeged-international-biblical-conference\/","title":{"rendered":"35th Szeged International Biblical Conference"},"content":{"rendered":"","protected":false},"excerpt":{"rendered":"","protected":false},"featured_media":1486,"template":"","meta":[],"product_cat":[68],"product_tag":[108,69,79],"acf":[],"yoast_head":"<!-- This site is optimized with the Yoast SEO plugin v18.1 - https:\/\/yoast.com\/wordpress\/plugins\/seo\/ -->\n<meta name=\"robots\" content=\"index, follow, max-snippet:-1, max-image-preview:large, max-video-preview:-1\" \/>\n<link rel=\"canonical\" href=\"https:\/\/regio10.hu\/en\/rendezveny\/35th-szeged-international-biblical-conference\/\" \/>\n<meta property=\"og:locale\" content=\"en_US\" \/>\n<meta property=\"og:type\" content=\"article\" \/>\n<meta property=\"og:title\" content=\"35th Szeged International Biblical Conference - R\u00e9gi\u00f3-10 Kft.\" \/>\n<meta property=\"og:url\" content=\"https:\/\/regio10.hu\/en\/rendezveny\/35th-szeged-international-biblical-conference\/\" \/>\n<meta property=\"og:site_name\" content=\"R\u00e9gi\u00f3-10 Kft.\" \/>\n<meta property=\"og:image\" content=\"http:\/\/regio10.hu\/wp-content\/uploads\/2022\/01\/dom.jpg\" \/>\n\t<meta property=\"og:image:width\" content=\"720\" \/>\n\t<meta property=\"og:image:height\" content=\"320\" \/>\n\t<meta property=\"og:image:type\" content=\"image\/jpeg\" \/>\n<meta name=\"twitter:card\" content=\"summary_large_image\" \/>\n<script type=\"application\/ld+json\" class=\"yoast-schema-graph\">{\"@context\":\"https:\/\/schema.org\",\"@graph\":[{\"@type\":\"WebSite\",\"@id\":\"https:\/\/regio10.hu\/#website\",\"url\":\"https:\/\/regio10.hu\/\",\"name\":\"R\u00e9gi\u00f3-10 Kft.\",\"description\":\"Rendezv\u00e9nyszervez\u00e9s Szegeden \u00e9s az eg\u00e9sz orsz\u00e1gban\",\"potentialAction\":[{\"@type\":\"SearchAction\",\"target\":{\"@type\":\"EntryPoint\",\"urlTemplate\":\"https:\/\/regio10.hu\/?s={search_term_string}\"},\"query-input\":\"required name=search_term_string\"}],\"inLanguage\":\"en-US\"},{\"@type\":\"ImageObject\",\"@id\":\"https:\/\/regio10.hu\/en\/rendezveny\/35th-szeged-international-biblical-conference\/#primaryimage\",\"inLanguage\":\"en-US\",\"url\":\"https:\/\/regio10.hu\/wp-content\/uploads\/2022\/01\/dom.jpg\",\"contentUrl\":\"https:\/\/regio10.hu\/wp-content\/uploads\/2022\/01\/dom.jpg\",\"width\":720,\"height\":320},{\"@type\":\"WebPage\",\"@id\":\"https:\/\/regio10.hu\/en\/rendezveny\/35th-szeged-international-biblical-conference\/#webpage\",\"url\":\"https:\/\/regio10.hu\/en\/rendezveny\/35th-szeged-international-biblical-conference\/\",\"name\":\"35th Szeged International Biblical Conference - R\u00e9gi\u00f3-10 Kft.\",\"isPartOf\":{\"@id\":\"https:\/\/regio10.hu\/#website\"},\"primaryImageOfPage\":{\"@id\":\"https:\/\/regio10.hu\/en\/rendezveny\/35th-szeged-international-biblical-conference\/#primaryimage\"},\"datePublished\":\"2024-07-15T10:33:14+00:00\",\"dateModified\":\"2024-07-15T10:33:14+00:00\",\"breadcrumb\":{\"@id\":\"https:\/\/regio10.hu\/en\/rendezveny\/35th-szeged-international-biblical-conference\/#breadcrumb\"},\"inLanguage\":\"en-US\",\"potentialAction\":[{\"@type\":\"ReadAction\",\"target\":[\"https:\/\/regio10.hu\/en\/rendezveny\/35th-szeged-international-biblical-conference\/\"]}]},{\"@type\":\"BreadcrumbList\",\"@id\":\"https:\/\/regio10.hu\/en\/rendezveny\/35th-szeged-international-biblical-conference\/#breadcrumb\",\"itemListElement\":[{\"@type\":\"ListItem\",\"position\":1,\"name\":\"Current domestic events\",\"item\":\"https:\/\/regio10.hu\/en\/product-category\/aktualis-belfold-en\/\"},{\"@type\":\"ListItem\",\"position\":2,\"name\":\"35th Szeged International Biblical Conference\"}]}]}<\/script>\n<!-- \/ Yoast SEO plugin. -->","yoast_head_json":{"robots":{"index":"index","follow":"follow","max-snippet":"max-snippet:-1","max-image-preview":"max-image-preview:large","max-video-preview":"max-video-preview:-1"},"canonical":"https:\/\/regio10.hu\/en\/rendezveny\/35th-szeged-international-biblical-conference\/","og_locale":"en_US","og_type":"article","og_title":"35th Szeged International Biblical Conference - R\u00e9gi\u00f3-10 Kft.","og_url":"https:\/\/regio10.hu\/en\/rendezveny\/35th-szeged-international-biblical-conference\/","og_site_name":"R\u00e9gi\u00f3-10 Kft.","og_image":[{"width":720,"height":320,"url":"http:\/\/regio10.hu\/wp-content\/uploads\/2022\/01\/dom.jpg","type":"image\/jpeg"}],"twitter_card":"summary_large_image","schema":{"@context":"https:\/\/schema.org","@graph":[{"@type":"WebSite","@id":"https:\/\/regio10.hu\/#website","url":"https:\/\/regio10.hu\/","name":"R\u00e9gi\u00f3-10 Kft.","description":"Rendezv\u00e9nyszervez\u00e9s Szegeden \u00e9s az eg\u00e9sz orsz\u00e1gban","potentialAction":[{"@type":"SearchAction","target":{"@type":"EntryPoint","urlTemplate":"https:\/\/regio10.hu\/?s={search_term_string}"},"query-input":"required name=search_term_string"}],"inLanguage":"en-US"},{"@type":"ImageObject","@id":"https:\/\/regio10.hu\/en\/rendezveny\/35th-szeged-international-biblical-conference\/#primaryimage","inLanguage":"en-US","url":"https:\/\/regio10.hu\/wp-content\/uploads\/2022\/01\/dom.jpg","contentUrl":"https:\/\/regio10.hu\/wp-content\/uploads\/2022\/01\/dom.jpg","width":720,"height":320},{"@type":"WebPage","@id":"https:\/\/regio10.hu\/en\/rendezveny\/35th-szeged-international-biblical-conference\/#webpage","url":"https:\/\/regio10.hu\/en\/rendezveny\/35th-szeged-international-biblical-conference\/","name":"35th Szeged International Biblical Conference - R\u00e9gi\u00f3-10 Kft.","isPartOf":{"@id":"https:\/\/regio10.hu\/#website"},"primaryImageOfPage":{"@id":"https:\/\/regio10.hu\/en\/rendezveny\/35th-szeged-international-biblical-conference\/#primaryimage"},"datePublished":"2024-07-15T10:33:14+00:00","dateModified":"2024-07-15T10:33:14+00:00","breadcrumb":{"@id":"https:\/\/regio10.hu\/en\/rendezveny\/35th-szeged-international-biblical-conference\/#breadcrumb"},"inLanguage":"en-US","potentialAction":[{"@type":"ReadAction","target":["https:\/\/regio10.hu\/en\/rendezveny\/35th-szeged-international-biblical-conference\/"]}]},{"@type":"BreadcrumbList","@id":"https:\/\/regio10.hu\/en\/rendezveny\/35th-szeged-international-biblical-conference\/#breadcrumb","itemListElement":[{"@type":"ListItem","position":1,"name":"Current domestic events","item":"https:\/\/regio10.hu\/en\/product-category\/aktualis-belfold-en\/"},{"@type":"ListItem","position":2,"name":"35th Szeged International Biblical Conference"}]}]}},"_links":{"self":[{"href":"https:\/\/regio10.hu\/en\/wp-json\/wp\/v2\/product\/15005"}],"collection":[{"href":"https:\/\/regio10.hu\/en\/wp-json\/wp\/v2\/product"}],"about":[{"href":"https:\/\/regio10.hu\/en\/wp-json\/wp\/v2\/types\/product"}],"version-history":[{"count":1,"href":"https:\/\/regio10.hu\/en\/wp-json\/wp\/v2\/product\/15005\/revisions"}],"predecessor-version":[{"id":15006,"href":"https:\/\/regio10.hu\/en\/wp-json\/wp\/v2\/product\/15005\/revisions\/15006"}],"wp:featuredmedia":[{"embeddable":true,"href":"https:\/\/regio10.hu\/en\/wp-json\/wp\/v2\/media\/1486"}],"wp:attachment":[{"href":"https:\/\/regio10.hu\/en\/wp-json\/wp\/v2\/media?parent=15005"}],"wp:term":[{"taxonomy":"product_cat","embeddable":true,"href":"https:\/\/regio10.hu\/en\/wp-json\/wp\/v2\/product_cat?post=15005"},{"taxonomy":"product_tag","embeddable":true,"href":"https:\/\/regio10.hu\/en\/wp-json\/wp\/v2\/product_tag?post=15005"}],"curies":[{"name":"wp","href":"https:\/\/api.w.org\/{rel}","templated":true}]}}