{"id":15476,"date":"2024-12-13T12:10:11","date_gmt":"2024-12-13T11:14:42","guid":{"rendered":"https:\/\/regio10.hu\/?post_type=product&#038;p=15476"},"modified":"2026-03-26T10:05:11","modified_gmt":"2026-03-26T09:05:11","slug":"soho-2026-annual-meeting","status":"publish","type":"product","link":"https:\/\/regio10.hu\/en\/rendezveny\/soho-2026-annual-meeting\/","title":{"rendered":"SOHO Central Europe 2026"},"content":{"rendered":"","protected":false},"excerpt":{"rendered":"","protected":false},"featured_media":15474,"template":"","meta":[],"product_cat":[66],"product_tag":[133,119,86],"acf":[],"yoast_head":"<!-- This site is optimized with the Yoast SEO plugin v18.1 - https:\/\/yoast.com\/wordpress\/plugins\/seo\/ -->\n<meta name=\"robots\" content=\"index, follow, max-snippet:-1, max-image-preview:large, max-video-preview:-1\" \/>\n<link rel=\"canonical\" href=\"https:\/\/regio10.hu\/en\/rendezveny\/soho-2026-annual-meeting\/\" \/>\n<meta property=\"og:locale\" content=\"en_US\" \/>\n<meta property=\"og:type\" content=\"article\" \/>\n<meta property=\"og:title\" content=\"SOHO Central Europe 2026 - R\u00e9gi\u00f3-10 Kft.\" \/>\n<meta property=\"og:url\" content=\"https:\/\/regio10.hu\/en\/rendezveny\/soho-2026-annual-meeting\/\" \/>\n<meta property=\"og:site_name\" content=\"R\u00e9gi\u00f3-10 Kft.\" \/>\n<meta property=\"article:modified_time\" content=\"2026-03-26T09:05:11+00:00\" \/>\n<meta property=\"og:image\" content=\"http:\/\/regio10.hu\/wp-content\/uploads\/2024\/12\/varkert.png\" \/>\n\t<meta property=\"og:image:width\" content=\"1184\" \/>\n\t<meta property=\"og:image:height\" content=\"789\" \/>\n\t<meta property=\"og:image:type\" content=\"image\/png\" \/>\n<meta name=\"twitter:card\" content=\"summary_large_image\" \/>\n<script type=\"application\/ld+json\" class=\"yoast-schema-graph\">{\"@context\":\"https:\/\/schema.org\",\"@graph\":[{\"@type\":\"WebSite\",\"@id\":\"https:\/\/regio10.hu\/#website\",\"url\":\"https:\/\/regio10.hu\/\",\"name\":\"R\u00e9gi\u00f3-10 Kft.\",\"description\":\"Rendezv\u00e9nyszervez\u00e9s Szegeden \u00e9s az eg\u00e9sz orsz\u00e1gban\",\"potentialAction\":[{\"@type\":\"SearchAction\",\"target\":{\"@type\":\"EntryPoint\",\"urlTemplate\":\"https:\/\/regio10.hu\/?s={search_term_string}\"},\"query-input\":\"required name=search_term_string\"}],\"inLanguage\":\"en-US\"},{\"@type\":\"ImageObject\",\"@id\":\"https:\/\/regio10.hu\/en\/rendezveny\/soho-2026-annual-meeting\/#primaryimage\",\"inLanguage\":\"en-US\",\"url\":\"https:\/\/regio10.hu\/wp-content\/uploads\/2024\/12\/varkert.png\",\"contentUrl\":\"https:\/\/regio10.hu\/wp-content\/uploads\/2024\/12\/varkert.png\",\"width\":1184,\"height\":789},{\"@type\":\"WebPage\",\"@id\":\"https:\/\/regio10.hu\/en\/rendezveny\/soho-2026-annual-meeting\/#webpage\",\"url\":\"https:\/\/regio10.hu\/en\/rendezveny\/soho-2026-annual-meeting\/\",\"name\":\"SOHO Central Europe 2026 - R\u00e9gi\u00f3-10 Kft.\",\"isPartOf\":{\"@id\":\"https:\/\/regio10.hu\/#website\"},\"primaryImageOfPage\":{\"@id\":\"https:\/\/regio10.hu\/en\/rendezveny\/soho-2026-annual-meeting\/#primaryimage\"},\"datePublished\":\"2024-12-13T11:14:42+00:00\",\"dateModified\":\"2026-03-26T09:05:11+00:00\",\"breadcrumb\":{\"@id\":\"https:\/\/regio10.hu\/en\/rendezveny\/soho-2026-annual-meeting\/#breadcrumb\"},\"inLanguage\":\"en-US\",\"potentialAction\":[{\"@type\":\"ReadAction\",\"target\":[\"https:\/\/regio10.hu\/en\/rendezveny\/soho-2026-annual-meeting\/\"]}]},{\"@type\":\"BreadcrumbList\",\"@id\":\"https:\/\/regio10.hu\/en\/rendezveny\/soho-2026-annual-meeting\/#breadcrumb\",\"itemListElement\":[{\"@type\":\"ListItem\",\"position\":1,\"name\":\"Aktu\u00e1lis belf\u00f6ldi\",\"item\":\"https:\/\/regio10.hu\/termekkategoria\/aktualis-belfold\/\"},{\"@type\":\"ListItem\",\"position\":2,\"name\":\"SOHO Central Europe 2026\"}]}]}<\/script>\n<!-- \/ Yoast SEO plugin. -->","yoast_head_json":{"robots":{"index":"index","follow":"follow","max-snippet":"max-snippet:-1","max-image-preview":"max-image-preview:large","max-video-preview":"max-video-preview:-1"},"canonical":"https:\/\/regio10.hu\/en\/rendezveny\/soho-2026-annual-meeting\/","og_locale":"en_US","og_type":"article","og_title":"SOHO Central Europe 2026 - R\u00e9gi\u00f3-10 Kft.","og_url":"https:\/\/regio10.hu\/en\/rendezveny\/soho-2026-annual-meeting\/","og_site_name":"R\u00e9gi\u00f3-10 Kft.","article_modified_time":"2026-03-26T09:05:11+00:00","og_image":[{"width":1184,"height":789,"url":"http:\/\/regio10.hu\/wp-content\/uploads\/2024\/12\/varkert.png","type":"image\/png"}],"twitter_card":"summary_large_image","schema":{"@context":"https:\/\/schema.org","@graph":[{"@type":"WebSite","@id":"https:\/\/regio10.hu\/#website","url":"https:\/\/regio10.hu\/","name":"R\u00e9gi\u00f3-10 Kft.","description":"Rendezv\u00e9nyszervez\u00e9s Szegeden \u00e9s az eg\u00e9sz orsz\u00e1gban","potentialAction":[{"@type":"SearchAction","target":{"@type":"EntryPoint","urlTemplate":"https:\/\/regio10.hu\/?s={search_term_string}"},"query-input":"required name=search_term_string"}],"inLanguage":"en-US"},{"@type":"ImageObject","@id":"https:\/\/regio10.hu\/en\/rendezveny\/soho-2026-annual-meeting\/#primaryimage","inLanguage":"en-US","url":"https:\/\/regio10.hu\/wp-content\/uploads\/2024\/12\/varkert.png","contentUrl":"https:\/\/regio10.hu\/wp-content\/uploads\/2024\/12\/varkert.png","width":1184,"height":789},{"@type":"WebPage","@id":"https:\/\/regio10.hu\/en\/rendezveny\/soho-2026-annual-meeting\/#webpage","url":"https:\/\/regio10.hu\/en\/rendezveny\/soho-2026-annual-meeting\/","name":"SOHO Central Europe 2026 - R\u00e9gi\u00f3-10 Kft.","isPartOf":{"@id":"https:\/\/regio10.hu\/#website"},"primaryImageOfPage":{"@id":"https:\/\/regio10.hu\/en\/rendezveny\/soho-2026-annual-meeting\/#primaryimage"},"datePublished":"2024-12-13T11:14:42+00:00","dateModified":"2026-03-26T09:05:11+00:00","breadcrumb":{"@id":"https:\/\/regio10.hu\/en\/rendezveny\/soho-2026-annual-meeting\/#breadcrumb"},"inLanguage":"en-US","potentialAction":[{"@type":"ReadAction","target":["https:\/\/regio10.hu\/en\/rendezveny\/soho-2026-annual-meeting\/"]}]},{"@type":"BreadcrumbList","@id":"https:\/\/regio10.hu\/en\/rendezveny\/soho-2026-annual-meeting\/#breadcrumb","itemListElement":[{"@type":"ListItem","position":1,"name":"Aktu\u00e1lis belf\u00f6ldi","item":"https:\/\/regio10.hu\/termekkategoria\/aktualis-belfold\/"},{"@type":"ListItem","position":2,"name":"SOHO Central Europe 2026"}]}]}},"_links":{"self":[{"href":"https:\/\/regio10.hu\/en\/wp-json\/wp\/v2\/product\/15476"}],"collection":[{"href":"https:\/\/regio10.hu\/en\/wp-json\/wp\/v2\/product"}],"about":[{"href":"https:\/\/regio10.hu\/en\/wp-json\/wp\/v2\/types\/product"}],"version-history":[{"count":85,"href":"https:\/\/regio10.hu\/en\/wp-json\/wp\/v2\/product\/15476\/revisions"}],"predecessor-version":[{"id":20547,"href":"https:\/\/regio10.hu\/en\/wp-json\/wp\/v2\/product\/15476\/revisions\/20547"}],"wp:featuredmedia":[{"embeddable":true,"href":"https:\/\/regio10.hu\/en\/wp-json\/wp\/v2\/media\/15474"}],"wp:attachment":[{"href":"https:\/\/regio10.hu\/en\/wp-json\/wp\/v2\/media?parent=15476"}],"wp:term":[{"taxonomy":"product_cat","embeddable":true,"href":"https:\/\/regio10.hu\/en\/wp-json\/wp\/v2\/product_cat?post=15476"},{"taxonomy":"product_tag","embeddable":true,"href":"https:\/\/regio10.hu\/en\/wp-json\/wp\/v2\/product_tag?post=15476"}],"curies":[{"name":"wp","href":"https:\/\/api.w.org\/{rel}","templated":true}]}}