{"id":20612,"date":"2026-03-16T12:24:44","date_gmt":"2026-04-08T06:49:34","guid":{"rendered":"https:\/\/regio10.hu\/?post_type=product&#038;p=20612"},"modified":"2026-04-08T12:46:29","modified_gmt":"2026-04-08T10:46:29","slug":"budapest-complex-endovascular-interventions","status":"publish","type":"product","link":"https:\/\/regio10.hu\/en\/rendezveny\/budapest-complex-endovascular-interventions\/","title":{"rendered":"Budapest Complex Endovascular Interventions"},"content":{"rendered":"","protected":false},"excerpt":{"rendered":"","protected":false},"featured_media":8398,"template":"","meta":[],"product_cat":[66],"product_tag":[79,119],"acf":[],"yoast_head":"<!-- This site is optimized with the Yoast SEO plugin v18.1 - https:\/\/yoast.com\/wordpress\/plugins\/seo\/ -->\n<meta name=\"robots\" content=\"index, follow, max-snippet:-1, max-image-preview:large, max-video-preview:-1\" \/>\n<link rel=\"canonical\" href=\"https:\/\/regio10.hu\/en\/rendezveny\/budapest-complex-endovascular-interventions\/\" \/>\n<meta property=\"og:locale\" content=\"en_US\" \/>\n<meta property=\"og:type\" content=\"article\" \/>\n<meta property=\"og:title\" content=\"Budapest Complex Endovascular Interventions - R\u00e9gi\u00f3-10 Kft.\" \/>\n<meta property=\"og:url\" content=\"https:\/\/regio10.hu\/en\/rendezveny\/budapest-complex-endovascular-interventions\/\" \/>\n<meta property=\"og:site_name\" content=\"R\u00e9gi\u00f3-10 Kft.\" \/>\n<meta property=\"article:modified_time\" content=\"2026-04-08T10:46:29+00:00\" \/>\n<meta property=\"og:image\" content=\"http:\/\/regio10.hu\/wp-content\/uploads\/2022\/11\/Szechenyi_Chain_Bridge_in_Budapest_at_night.jpg\" \/>\n\t<meta property=\"og:image:width\" content=\"1920\" \/>\n\t<meta property=\"og:image:height\" content=\"1073\" \/>\n\t<meta property=\"og:image:type\" content=\"image\/jpeg\" \/>\n<meta name=\"twitter:card\" content=\"summary_large_image\" \/>\n<script type=\"application\/ld+json\" class=\"yoast-schema-graph\">{\"@context\":\"https:\/\/schema.org\",\"@graph\":[{\"@type\":\"WebSite\",\"@id\":\"https:\/\/regio10.hu\/#website\",\"url\":\"https:\/\/regio10.hu\/\",\"name\":\"R\u00e9gi\u00f3-10 Kft.\",\"description\":\"Rendezv\u00e9nyszervez\u00e9s Szegeden \u00e9s az eg\u00e9sz orsz\u00e1gban\",\"potentialAction\":[{\"@type\":\"SearchAction\",\"target\":{\"@type\":\"EntryPoint\",\"urlTemplate\":\"https:\/\/regio10.hu\/?s={search_term_string}\"},\"query-input\":\"required name=search_term_string\"}],\"inLanguage\":\"en-US\"},{\"@type\":\"ImageObject\",\"@id\":\"https:\/\/regio10.hu\/en\/rendezveny\/budapest-complex-endovascular-interventions\/#primaryimage\",\"inLanguage\":\"en-US\",\"url\":\"https:\/\/regio10.hu\/wp-content\/uploads\/2022\/11\/Szechenyi_Chain_Bridge_in_Budapest_at_night.jpg\",\"contentUrl\":\"https:\/\/regio10.hu\/wp-content\/uploads\/2022\/11\/Szechenyi_Chain_Bridge_in_Budapest_at_night.jpg\",\"width\":1920,\"height\":1073},{\"@type\":\"WebPage\",\"@id\":\"https:\/\/regio10.hu\/en\/rendezveny\/budapest-complex-endovascular-interventions\/#webpage\",\"url\":\"https:\/\/regio10.hu\/en\/rendezveny\/budapest-complex-endovascular-interventions\/\",\"name\":\"Budapest Complex Endovascular Interventions - R\u00e9gi\u00f3-10 Kft.\",\"isPartOf\":{\"@id\":\"https:\/\/regio10.hu\/#website\"},\"primaryImageOfPage\":{\"@id\":\"https:\/\/regio10.hu\/en\/rendezveny\/budapest-complex-endovascular-interventions\/#primaryimage\"},\"datePublished\":\"2026-04-08T06:49:34+00:00\",\"dateModified\":\"2026-04-08T10:46:29+00:00\",\"breadcrumb\":{\"@id\":\"https:\/\/regio10.hu\/en\/rendezveny\/budapest-complex-endovascular-interventions\/#breadcrumb\"},\"inLanguage\":\"en-US\",\"potentialAction\":[{\"@type\":\"ReadAction\",\"target\":[\"https:\/\/regio10.hu\/en\/rendezveny\/budapest-complex-endovascular-interventions\/\"]}]},{\"@type\":\"BreadcrumbList\",\"@id\":\"https:\/\/regio10.hu\/en\/rendezveny\/budapest-complex-endovascular-interventions\/#breadcrumb\",\"itemListElement\":[{\"@type\":\"ListItem\",\"position\":1,\"name\":\"Aktu\u00e1lis belf\u00f6ldi\",\"item\":\"https:\/\/regio10.hu\/termekkategoria\/aktualis-belfold\/\"},{\"@type\":\"ListItem\",\"position\":2,\"name\":\"Budapest Complex Endovascular Interventions\"}]}]}<\/script>\n<!-- \/ Yoast SEO plugin. -->","yoast_head_json":{"robots":{"index":"index","follow":"follow","max-snippet":"max-snippet:-1","max-image-preview":"max-image-preview:large","max-video-preview":"max-video-preview:-1"},"canonical":"https:\/\/regio10.hu\/en\/rendezveny\/budapest-complex-endovascular-interventions\/","og_locale":"en_US","og_type":"article","og_title":"Budapest Complex Endovascular Interventions - R\u00e9gi\u00f3-10 Kft.","og_url":"https:\/\/regio10.hu\/en\/rendezveny\/budapest-complex-endovascular-interventions\/","og_site_name":"R\u00e9gi\u00f3-10 Kft.","article_modified_time":"2026-04-08T10:46:29+00:00","og_image":[{"width":1920,"height":1073,"url":"http:\/\/regio10.hu\/wp-content\/uploads\/2022\/11\/Szechenyi_Chain_Bridge_in_Budapest_at_night.jpg","type":"image\/jpeg"}],"twitter_card":"summary_large_image","schema":{"@context":"https:\/\/schema.org","@graph":[{"@type":"WebSite","@id":"https:\/\/regio10.hu\/#website","url":"https:\/\/regio10.hu\/","name":"R\u00e9gi\u00f3-10 Kft.","description":"Rendezv\u00e9nyszervez\u00e9s Szegeden \u00e9s az eg\u00e9sz orsz\u00e1gban","potentialAction":[{"@type":"SearchAction","target":{"@type":"EntryPoint","urlTemplate":"https:\/\/regio10.hu\/?s={search_term_string}"},"query-input":"required name=search_term_string"}],"inLanguage":"en-US"},{"@type":"ImageObject","@id":"https:\/\/regio10.hu\/en\/rendezveny\/budapest-complex-endovascular-interventions\/#primaryimage","inLanguage":"en-US","url":"https:\/\/regio10.hu\/wp-content\/uploads\/2022\/11\/Szechenyi_Chain_Bridge_in_Budapest_at_night.jpg","contentUrl":"https:\/\/regio10.hu\/wp-content\/uploads\/2022\/11\/Szechenyi_Chain_Bridge_in_Budapest_at_night.jpg","width":1920,"height":1073},{"@type":"WebPage","@id":"https:\/\/regio10.hu\/en\/rendezveny\/budapest-complex-endovascular-interventions\/#webpage","url":"https:\/\/regio10.hu\/en\/rendezveny\/budapest-complex-endovascular-interventions\/","name":"Budapest Complex Endovascular Interventions - R\u00e9gi\u00f3-10 Kft.","isPartOf":{"@id":"https:\/\/regio10.hu\/#website"},"primaryImageOfPage":{"@id":"https:\/\/regio10.hu\/en\/rendezveny\/budapest-complex-endovascular-interventions\/#primaryimage"},"datePublished":"2026-04-08T06:49:34+00:00","dateModified":"2026-04-08T10:46:29+00:00","breadcrumb":{"@id":"https:\/\/regio10.hu\/en\/rendezveny\/budapest-complex-endovascular-interventions\/#breadcrumb"},"inLanguage":"en-US","potentialAction":[{"@type":"ReadAction","target":["https:\/\/regio10.hu\/en\/rendezveny\/budapest-complex-endovascular-interventions\/"]}]},{"@type":"BreadcrumbList","@id":"https:\/\/regio10.hu\/en\/rendezveny\/budapest-complex-endovascular-interventions\/#breadcrumb","itemListElement":[{"@type":"ListItem","position":1,"name":"Aktu\u00e1lis belf\u00f6ldi","item":"https:\/\/regio10.hu\/termekkategoria\/aktualis-belfold\/"},{"@type":"ListItem","position":2,"name":"Budapest Complex Endovascular Interventions"}]}]}},"_links":{"self":[{"href":"https:\/\/regio10.hu\/en\/wp-json\/wp\/v2\/product\/20612"}],"collection":[{"href":"https:\/\/regio10.hu\/en\/wp-json\/wp\/v2\/product"}],"about":[{"href":"https:\/\/regio10.hu\/en\/wp-json\/wp\/v2\/types\/product"}],"version-history":[{"count":6,"href":"https:\/\/regio10.hu\/en\/wp-json\/wp\/v2\/product\/20612\/revisions"}],"predecessor-version":[{"id":20629,"href":"https:\/\/regio10.hu\/en\/wp-json\/wp\/v2\/product\/20612\/revisions\/20629"}],"wp:featuredmedia":[{"embeddable":true,"href":"https:\/\/regio10.hu\/en\/wp-json\/wp\/v2\/media\/8398"}],"wp:attachment":[{"href":"https:\/\/regio10.hu\/en\/wp-json\/wp\/v2\/media?parent=20612"}],"wp:term":[{"taxonomy":"product_cat","embeddable":true,"href":"https:\/\/regio10.hu\/en\/wp-json\/wp\/v2\/product_cat?post=20612"},{"taxonomy":"product_tag","embeddable":true,"href":"https:\/\/regio10.hu\/en\/wp-json\/wp\/v2\/product_tag?post=20612"}],"curies":[{"name":"wp","href":"https:\/\/api.w.org\/{rel}","templated":true}]}}