{"id":3470,"date":"2021-10-05T13:41:34","date_gmt":"2022-03-21T08:34:42","guid":{"rendered":"https:\/\/regio10.hu\/rendezveny\/xxxi-szegedi-nemzetkozi-biblikus-konferencia\/"},"modified":"2023-03-13T09:25:46","modified_gmt":"2023-03-13T09:25:46","slug":"xxxi-szegedi-nemzetkozi-biblikus-konferencia","status":"publish","type":"product","link":"https:\/\/regio10.hu\/en\/rendezveny\/xxxi-szegedi-nemzetkozi-biblikus-konferencia\/","title":{"rendered":"XXXI. International Biblical Conference"},"content":{"rendered":"","protected":false},"excerpt":{"rendered":"","protected":false},"featured_media":2647,"template":"","meta":[],"product_cat":[64],"product_tag":[108],"acf":[],"yoast_head":"<!-- This site is optimized with the Yoast SEO plugin v18.1 - https:\/\/yoast.com\/wordpress\/plugins\/seo\/ -->\n<meta name=\"robots\" content=\"index, follow, max-snippet:-1, max-image-preview:large, max-video-preview:-1\" \/>\n<link rel=\"canonical\" href=\"https:\/\/regio10.hu\/en\/rendezveny\/xxxi-szegedi-nemzetkozi-biblikus-konferencia\/\" \/>\n<meta property=\"og:locale\" content=\"en_US\" \/>\n<meta property=\"og:type\" content=\"article\" \/>\n<meta property=\"og:title\" content=\"XXXI. International Biblical Conference - R\u00e9gi\u00f3-10 Kft.\" \/>\n<meta property=\"og:url\" content=\"https:\/\/regio10.hu\/en\/rendezveny\/xxxi-szegedi-nemzetkozi-biblikus-konferencia\/\" \/>\n<meta property=\"og:site_name\" content=\"R\u00e9gi\u00f3-10 Kft.\" \/>\n<meta property=\"article:modified_time\" content=\"2023-03-13T09:25:46+00:00\" \/>\n<meta property=\"og:image\" content=\"http:\/\/regio10.hu\/wp-content\/uploads\/2021\/10\/Biblikus-2020-roll-up_vegleges-1-scaled-1.jpg\" \/>\n\t<meta property=\"og:image:width\" content=\"2560\" \/>\n\t<meta property=\"og:image:height\" content=\"1349\" \/>\n\t<meta property=\"og:image:type\" content=\"image\/jpeg\" \/>\n<meta name=\"twitter:card\" content=\"summary_large_image\" \/>\n<script type=\"application\/ld+json\" class=\"yoast-schema-graph\">{\"@context\":\"https:\/\/schema.org\",\"@graph\":[{\"@type\":\"WebSite\",\"@id\":\"https:\/\/regio10.hu\/#website\",\"url\":\"https:\/\/regio10.hu\/\",\"name\":\"R\u00e9gi\u00f3-10 Kft.\",\"description\":\"Rendezv\u00e9nyszervez\u00e9s Szegeden \u00e9s az eg\u00e9sz orsz\u00e1gban\",\"potentialAction\":[{\"@type\":\"SearchAction\",\"target\":{\"@type\":\"EntryPoint\",\"urlTemplate\":\"https:\/\/regio10.hu\/?s={search_term_string}\"},\"query-input\":\"required name=search_term_string\"}],\"inLanguage\":\"en-US\"},{\"@type\":\"ImageObject\",\"@id\":\"https:\/\/regio10.hu\/en\/rendezveny\/xxxi-szegedi-nemzetkozi-biblikus-konferencia\/#primaryimage\",\"inLanguage\":\"en-US\",\"url\":\"https:\/\/regio10.hu\/wp-content\/uploads\/2021\/10\/Biblikus-2020-roll-up_vegleges-1-scaled-1.jpg\",\"contentUrl\":\"https:\/\/regio10.hu\/wp-content\/uploads\/2021\/10\/Biblikus-2020-roll-up_vegleges-1-scaled-1.jpg\",\"width\":2560,\"height\":1349},{\"@type\":\"WebPage\",\"@id\":\"https:\/\/regio10.hu\/en\/rendezveny\/xxxi-szegedi-nemzetkozi-biblikus-konferencia\/#webpage\",\"url\":\"https:\/\/regio10.hu\/en\/rendezveny\/xxxi-szegedi-nemzetkozi-biblikus-konferencia\/\",\"name\":\"XXXI. International Biblical Conference - R\u00e9gi\u00f3-10 Kft.\",\"isPartOf\":{\"@id\":\"https:\/\/regio10.hu\/#website\"},\"primaryImageOfPage\":{\"@id\":\"https:\/\/regio10.hu\/en\/rendezveny\/xxxi-szegedi-nemzetkozi-biblikus-konferencia\/#primaryimage\"},\"datePublished\":\"2022-03-21T08:34:42+00:00\",\"dateModified\":\"2023-03-13T09:25:46+00:00\",\"breadcrumb\":{\"@id\":\"https:\/\/regio10.hu\/en\/rendezveny\/xxxi-szegedi-nemzetkozi-biblikus-konferencia\/#breadcrumb\"},\"inLanguage\":\"en-US\",\"potentialAction\":[{\"@type\":\"ReadAction\",\"target\":[\"https:\/\/regio10.hu\/en\/rendezveny\/xxxi-szegedi-nemzetkozi-biblikus-konferencia\/\"]}]},{\"@type\":\"BreadcrumbList\",\"@id\":\"https:\/\/regio10.hu\/en\/rendezveny\/xxxi-szegedi-nemzetkozi-biblikus-konferencia\/#breadcrumb\",\"itemListElement\":[{\"@type\":\"ListItem\",\"position\":1,\"name\":\"Past international events\",\"item\":\"https:\/\/regio10.hu\/en\/product-category\/lezarult-nemzetkozi-en\/\"},{\"@type\":\"ListItem\",\"position\":2,\"name\":\"XXXI. International Biblical Conference\"}]}]}<\/script>\n<!-- \/ Yoast SEO plugin. -->","yoast_head_json":{"robots":{"index":"index","follow":"follow","max-snippet":"max-snippet:-1","max-image-preview":"max-image-preview:large","max-video-preview":"max-video-preview:-1"},"canonical":"https:\/\/regio10.hu\/en\/rendezveny\/xxxi-szegedi-nemzetkozi-biblikus-konferencia\/","og_locale":"en_US","og_type":"article","og_title":"XXXI. International Biblical Conference - R\u00e9gi\u00f3-10 Kft.","og_url":"https:\/\/regio10.hu\/en\/rendezveny\/xxxi-szegedi-nemzetkozi-biblikus-konferencia\/","og_site_name":"R\u00e9gi\u00f3-10 Kft.","article_modified_time":"2023-03-13T09:25:46+00:00","og_image":[{"width":2560,"height":1349,"url":"http:\/\/regio10.hu\/wp-content\/uploads\/2021\/10\/Biblikus-2020-roll-up_vegleges-1-scaled-1.jpg","type":"image\/jpeg"}],"twitter_card":"summary_large_image","schema":{"@context":"https:\/\/schema.org","@graph":[{"@type":"WebSite","@id":"https:\/\/regio10.hu\/#website","url":"https:\/\/regio10.hu\/","name":"R\u00e9gi\u00f3-10 Kft.","description":"Rendezv\u00e9nyszervez\u00e9s Szegeden \u00e9s az eg\u00e9sz orsz\u00e1gban","potentialAction":[{"@type":"SearchAction","target":{"@type":"EntryPoint","urlTemplate":"https:\/\/regio10.hu\/?s={search_term_string}"},"query-input":"required name=search_term_string"}],"inLanguage":"en-US"},{"@type":"ImageObject","@id":"https:\/\/regio10.hu\/en\/rendezveny\/xxxi-szegedi-nemzetkozi-biblikus-konferencia\/#primaryimage","inLanguage":"en-US","url":"https:\/\/regio10.hu\/wp-content\/uploads\/2021\/10\/Biblikus-2020-roll-up_vegleges-1-scaled-1.jpg","contentUrl":"https:\/\/regio10.hu\/wp-content\/uploads\/2021\/10\/Biblikus-2020-roll-up_vegleges-1-scaled-1.jpg","width":2560,"height":1349},{"@type":"WebPage","@id":"https:\/\/regio10.hu\/en\/rendezveny\/xxxi-szegedi-nemzetkozi-biblikus-konferencia\/#webpage","url":"https:\/\/regio10.hu\/en\/rendezveny\/xxxi-szegedi-nemzetkozi-biblikus-konferencia\/","name":"XXXI. International Biblical Conference - R\u00e9gi\u00f3-10 Kft.","isPartOf":{"@id":"https:\/\/regio10.hu\/#website"},"primaryImageOfPage":{"@id":"https:\/\/regio10.hu\/en\/rendezveny\/xxxi-szegedi-nemzetkozi-biblikus-konferencia\/#primaryimage"},"datePublished":"2022-03-21T08:34:42+00:00","dateModified":"2023-03-13T09:25:46+00:00","breadcrumb":{"@id":"https:\/\/regio10.hu\/en\/rendezveny\/xxxi-szegedi-nemzetkozi-biblikus-konferencia\/#breadcrumb"},"inLanguage":"en-US","potentialAction":[{"@type":"ReadAction","target":["https:\/\/regio10.hu\/en\/rendezveny\/xxxi-szegedi-nemzetkozi-biblikus-konferencia\/"]}]},{"@type":"BreadcrumbList","@id":"https:\/\/regio10.hu\/en\/rendezveny\/xxxi-szegedi-nemzetkozi-biblikus-konferencia\/#breadcrumb","itemListElement":[{"@type":"ListItem","position":1,"name":"Past international events","item":"https:\/\/regio10.hu\/en\/product-category\/lezarult-nemzetkozi-en\/"},{"@type":"ListItem","position":2,"name":"XXXI. International Biblical Conference"}]}]}},"_links":{"self":[{"href":"https:\/\/regio10.hu\/en\/wp-json\/wp\/v2\/product\/3470"}],"collection":[{"href":"https:\/\/regio10.hu\/en\/wp-json\/wp\/v2\/product"}],"about":[{"href":"https:\/\/regio10.hu\/en\/wp-json\/wp\/v2\/types\/product"}],"version-history":[{"count":1,"href":"https:\/\/regio10.hu\/en\/wp-json\/wp\/v2\/product\/3470\/revisions"}],"predecessor-version":[{"id":9538,"href":"https:\/\/regio10.hu\/en\/wp-json\/wp\/v2\/product\/3470\/revisions\/9538"}],"wp:featuredmedia":[{"embeddable":true,"href":"https:\/\/regio10.hu\/en\/wp-json\/wp\/v2\/media\/2647"}],"wp:attachment":[{"href":"https:\/\/regio10.hu\/en\/wp-json\/wp\/v2\/media?parent=3470"}],"wp:term":[{"taxonomy":"product_cat","embeddable":true,"href":"https:\/\/regio10.hu\/en\/wp-json\/wp\/v2\/product_cat?post=3470"},{"taxonomy":"product_tag","embeddable":true,"href":"https:\/\/regio10.hu\/en\/wp-json\/wp\/v2\/product_tag?post=3470"}],"curies":[{"name":"wp","href":"https:\/\/api.w.org\/{rel}","templated":true}]}}