{"id":3536,"date":"2021-10-05T12:41:02","date_gmt":"2022-03-21T10:45:28","guid":{"rendered":"https:\/\/regio10.hu\/rendezveny\/eurodurg-2020\/"},"modified":"2023-03-13T09:24:31","modified_gmt":"2023-03-13T09:24:31","slug":"eurodurg-2020","status":"publish","type":"product","link":"https:\/\/regio10.hu\/en\/rendezveny\/eurodurg-2020\/","title":{"rendered":"EuroDURG 2020"},"content":{"rendered":"","protected":false},"excerpt":{"rendered":"","protected":false},"featured_media":2649,"template":"","meta":[],"product_cat":[64],"product_tag":[108,69,86],"acf":[],"yoast_head":"<!-- This site is optimized with the Yoast SEO plugin v18.1 - https:\/\/yoast.com\/wordpress\/plugins\/seo\/ -->\n<meta name=\"robots\" content=\"index, follow, max-snippet:-1, max-image-preview:large, max-video-preview:-1\" \/>\n<link rel=\"canonical\" href=\"https:\/\/regio10.hu\/en\/rendezveny\/eurodurg-2020\/\" \/>\n<meta property=\"og:locale\" content=\"en_US\" \/>\n<meta property=\"og:type\" content=\"article\" \/>\n<meta property=\"og:title\" content=\"EuroDURG 2020 - R\u00e9gi\u00f3-10 Kft.\" \/>\n<meta property=\"og:url\" content=\"https:\/\/regio10.hu\/en\/rendezveny\/eurodurg-2020\/\" \/>\n<meta property=\"og:site_name\" content=\"R\u00e9gi\u00f3-10 Kft.\" \/>\n<meta property=\"article:modified_time\" content=\"2023-03-13T09:24:31+00:00\" \/>\n<meta property=\"og:image\" content=\"http:\/\/regio10.hu\/wp-content\/uploads\/2021\/10\/EuroDURG2020_head_2-1.png\" \/>\n\t<meta property=\"og:image:width\" content=\"2377\" \/>\n\t<meta property=\"og:image:height\" content=\"1252\" \/>\n\t<meta property=\"og:image:type\" content=\"image\/png\" \/>\n<meta name=\"twitter:card\" content=\"summary_large_image\" \/>\n<script type=\"application\/ld+json\" class=\"yoast-schema-graph\">{\"@context\":\"https:\/\/schema.org\",\"@graph\":[{\"@type\":\"WebSite\",\"@id\":\"https:\/\/regio10.hu\/#website\",\"url\":\"https:\/\/regio10.hu\/\",\"name\":\"R\u00e9gi\u00f3-10 Kft.\",\"description\":\"Rendezv\u00e9nyszervez\u00e9s Szegeden \u00e9s az eg\u00e9sz orsz\u00e1gban\",\"potentialAction\":[{\"@type\":\"SearchAction\",\"target\":{\"@type\":\"EntryPoint\",\"urlTemplate\":\"https:\/\/regio10.hu\/?s={search_term_string}\"},\"query-input\":\"required name=search_term_string\"}],\"inLanguage\":\"en-US\"},{\"@type\":\"ImageObject\",\"@id\":\"https:\/\/regio10.hu\/en\/rendezveny\/eurodurg-2020\/#primaryimage\",\"inLanguage\":\"en-US\",\"url\":\"https:\/\/regio10.hu\/wp-content\/uploads\/2021\/10\/EuroDURG2020_head_2-1.png\",\"contentUrl\":\"https:\/\/regio10.hu\/wp-content\/uploads\/2021\/10\/EuroDURG2020_head_2-1.png\",\"width\":2377,\"height\":1252},{\"@type\":\"WebPage\",\"@id\":\"https:\/\/regio10.hu\/en\/rendezveny\/eurodurg-2020\/#webpage\",\"url\":\"https:\/\/regio10.hu\/en\/rendezveny\/eurodurg-2020\/\",\"name\":\"EuroDURG 2020 - R\u00e9gi\u00f3-10 Kft.\",\"isPartOf\":{\"@id\":\"https:\/\/regio10.hu\/#website\"},\"primaryImageOfPage\":{\"@id\":\"https:\/\/regio10.hu\/en\/rendezveny\/eurodurg-2020\/#primaryimage\"},\"datePublished\":\"2022-03-21T10:45:28+00:00\",\"dateModified\":\"2023-03-13T09:24:31+00:00\",\"breadcrumb\":{\"@id\":\"https:\/\/regio10.hu\/en\/rendezveny\/eurodurg-2020\/#breadcrumb\"},\"inLanguage\":\"en-US\",\"potentialAction\":[{\"@type\":\"ReadAction\",\"target\":[\"https:\/\/regio10.hu\/en\/rendezveny\/eurodurg-2020\/\"]}]},{\"@type\":\"BreadcrumbList\",\"@id\":\"https:\/\/regio10.hu\/en\/rendezveny\/eurodurg-2020\/#breadcrumb\",\"itemListElement\":[{\"@type\":\"ListItem\",\"position\":1,\"name\":\"Past international events\",\"item\":\"https:\/\/regio10.hu\/en\/product-category\/lezarult-nemzetkozi-en\/\"},{\"@type\":\"ListItem\",\"position\":2,\"name\":\"EuroDURG 2020\"}]}]}<\/script>\n<!-- \/ Yoast SEO plugin. -->","yoast_head_json":{"robots":{"index":"index","follow":"follow","max-snippet":"max-snippet:-1","max-image-preview":"max-image-preview:large","max-video-preview":"max-video-preview:-1"},"canonical":"https:\/\/regio10.hu\/en\/rendezveny\/eurodurg-2020\/","og_locale":"en_US","og_type":"article","og_title":"EuroDURG 2020 - R\u00e9gi\u00f3-10 Kft.","og_url":"https:\/\/regio10.hu\/en\/rendezveny\/eurodurg-2020\/","og_site_name":"R\u00e9gi\u00f3-10 Kft.","article_modified_time":"2023-03-13T09:24:31+00:00","og_image":[{"width":2377,"height":1252,"url":"http:\/\/regio10.hu\/wp-content\/uploads\/2021\/10\/EuroDURG2020_head_2-1.png","type":"image\/png"}],"twitter_card":"summary_large_image","schema":{"@context":"https:\/\/schema.org","@graph":[{"@type":"WebSite","@id":"https:\/\/regio10.hu\/#website","url":"https:\/\/regio10.hu\/","name":"R\u00e9gi\u00f3-10 Kft.","description":"Rendezv\u00e9nyszervez\u00e9s Szegeden \u00e9s az eg\u00e9sz orsz\u00e1gban","potentialAction":[{"@type":"SearchAction","target":{"@type":"EntryPoint","urlTemplate":"https:\/\/regio10.hu\/?s={search_term_string}"},"query-input":"required name=search_term_string"}],"inLanguage":"en-US"},{"@type":"ImageObject","@id":"https:\/\/regio10.hu\/en\/rendezveny\/eurodurg-2020\/#primaryimage","inLanguage":"en-US","url":"https:\/\/regio10.hu\/wp-content\/uploads\/2021\/10\/EuroDURG2020_head_2-1.png","contentUrl":"https:\/\/regio10.hu\/wp-content\/uploads\/2021\/10\/EuroDURG2020_head_2-1.png","width":2377,"height":1252},{"@type":"WebPage","@id":"https:\/\/regio10.hu\/en\/rendezveny\/eurodurg-2020\/#webpage","url":"https:\/\/regio10.hu\/en\/rendezveny\/eurodurg-2020\/","name":"EuroDURG 2020 - R\u00e9gi\u00f3-10 Kft.","isPartOf":{"@id":"https:\/\/regio10.hu\/#website"},"primaryImageOfPage":{"@id":"https:\/\/regio10.hu\/en\/rendezveny\/eurodurg-2020\/#primaryimage"},"datePublished":"2022-03-21T10:45:28+00:00","dateModified":"2023-03-13T09:24:31+00:00","breadcrumb":{"@id":"https:\/\/regio10.hu\/en\/rendezveny\/eurodurg-2020\/#breadcrumb"},"inLanguage":"en-US","potentialAction":[{"@type":"ReadAction","target":["https:\/\/regio10.hu\/en\/rendezveny\/eurodurg-2020\/"]}]},{"@type":"BreadcrumbList","@id":"https:\/\/regio10.hu\/en\/rendezveny\/eurodurg-2020\/#breadcrumb","itemListElement":[{"@type":"ListItem","position":1,"name":"Past international events","item":"https:\/\/regio10.hu\/en\/product-category\/lezarult-nemzetkozi-en\/"},{"@type":"ListItem","position":2,"name":"EuroDURG 2020"}]}]}},"_links":{"self":[{"href":"https:\/\/regio10.hu\/en\/wp-json\/wp\/v2\/product\/3536"}],"collection":[{"href":"https:\/\/regio10.hu\/en\/wp-json\/wp\/v2\/product"}],"about":[{"href":"https:\/\/regio10.hu\/en\/wp-json\/wp\/v2\/types\/product"}],"version-history":[{"count":2,"href":"https:\/\/regio10.hu\/en\/wp-json\/wp\/v2\/product\/3536\/revisions"}],"predecessor-version":[{"id":9537,"href":"https:\/\/regio10.hu\/en\/wp-json\/wp\/v2\/product\/3536\/revisions\/9537"}],"wp:featuredmedia":[{"embeddable":true,"href":"https:\/\/regio10.hu\/en\/wp-json\/wp\/v2\/media\/2649"}],"wp:attachment":[{"href":"https:\/\/regio10.hu\/en\/wp-json\/wp\/v2\/media?parent=3536"}],"wp:term":[{"taxonomy":"product_cat","embeddable":true,"href":"https:\/\/regio10.hu\/en\/wp-json\/wp\/v2\/product_cat?post=3536"},{"taxonomy":"product_tag","embeddable":true,"href":"https:\/\/regio10.hu\/en\/wp-json\/wp\/v2\/product_tag?post=3536"}],"curies":[{"name":"wp","href":"https:\/\/api.w.org\/{rel}","templated":true}]}}