{"id":8837,"date":"2022-11-18T12:46:32","date_gmt":"2023-01-13T14:44:10","guid":{"rendered":"https:\/\/regio10.hu\/?post_type=product&#038;p=8837"},"modified":"2023-06-16T07:12:26","modified_gmt":"2023-06-16T07:12:26","slug":"perspectives-in-perio-implantology-and-comprehensive-dentistry","status":"publish","type":"product","link":"https:\/\/regio10.hu\/en\/rendezveny\/perspectives-in-perio-implantology-and-comprehensive-dentistry\/","title":{"rendered":"Perspectives in Perio-Implantology and Comprehensive Dentistry"},"content":{"rendered":"","protected":false},"excerpt":{"rendered":"","protected":false},"featured_media":1836,"template":"","meta":[],"product_cat":[68,64],"product_tag":[84,69,87],"acf":[],"yoast_head":"<!-- This site is optimized with the Yoast SEO plugin v18.1 - https:\/\/yoast.com\/wordpress\/plugins\/seo\/ -->\n<meta name=\"robots\" content=\"index, follow, max-snippet:-1, max-image-preview:large, max-video-preview:-1\" \/>\n<link rel=\"canonical\" href=\"https:\/\/regio10.hu\/en\/rendezveny\/perspectives-in-perio-implantology-and-comprehensive-dentistry\/\" \/>\n<meta property=\"og:locale\" content=\"en_US\" \/>\n<meta property=\"og:type\" content=\"article\" \/>\n<meta property=\"og:title\" content=\"Perspectives in Perio-Implantology and Comprehensive Dentistry - R\u00e9gi\u00f3-10 Kft.\" \/>\n<meta property=\"og:url\" content=\"https:\/\/regio10.hu\/en\/rendezveny\/perspectives-in-perio-implantology-and-comprehensive-dentistry\/\" \/>\n<meta property=\"og:site_name\" content=\"R\u00e9gi\u00f3-10 Kft.\" \/>\n<meta property=\"article:modified_time\" content=\"2023-06-16T07:12:26+00:00\" \/>\n<meta property=\"og:image\" content=\"http:\/\/regio10.hu\/wp-content\/uploads\/2022\/01\/24889277707_dbcc1fdcda_k_t.jpg\" \/>\n\t<meta property=\"og:image:width\" content=\"400\" \/>\n\t<meta property=\"og:image:height\" content=\"265\" \/>\n\t<meta property=\"og:image:type\" content=\"image\/jpeg\" \/>\n<meta name=\"twitter:card\" content=\"summary_large_image\" \/>\n<script type=\"application\/ld+json\" class=\"yoast-schema-graph\">{\"@context\":\"https:\/\/schema.org\",\"@graph\":[{\"@type\":\"WebSite\",\"@id\":\"https:\/\/regio10.hu\/#website\",\"url\":\"https:\/\/regio10.hu\/\",\"name\":\"R\u00e9gi\u00f3-10 Kft.\",\"description\":\"Rendezv\u00e9nyszervez\u00e9s Szegeden \u00e9s az eg\u00e9sz orsz\u00e1gban\",\"potentialAction\":[{\"@type\":\"SearchAction\",\"target\":{\"@type\":\"EntryPoint\",\"urlTemplate\":\"https:\/\/regio10.hu\/?s={search_term_string}\"},\"query-input\":\"required name=search_term_string\"}],\"inLanguage\":\"en-US\"},{\"@type\":\"ImageObject\",\"@id\":\"https:\/\/regio10.hu\/en\/rendezveny\/perspectives-in-perio-implantology-and-comprehensive-dentistry\/#primaryimage\",\"inLanguage\":\"en-US\",\"url\":\"https:\/\/regio10.hu\/wp-content\/uploads\/2022\/01\/24889277707_dbcc1fdcda_k_t.jpg\",\"contentUrl\":\"https:\/\/regio10.hu\/wp-content\/uploads\/2022\/01\/24889277707_dbcc1fdcda_k_t.jpg\",\"width\":400,\"height\":265},{\"@type\":\"WebPage\",\"@id\":\"https:\/\/regio10.hu\/en\/rendezveny\/perspectives-in-perio-implantology-and-comprehensive-dentistry\/#webpage\",\"url\":\"https:\/\/regio10.hu\/en\/rendezveny\/perspectives-in-perio-implantology-and-comprehensive-dentistry\/\",\"name\":\"Perspectives in Perio-Implantology and Comprehensive Dentistry - R\u00e9gi\u00f3-10 Kft.\",\"isPartOf\":{\"@id\":\"https:\/\/regio10.hu\/#website\"},\"primaryImageOfPage\":{\"@id\":\"https:\/\/regio10.hu\/en\/rendezveny\/perspectives-in-perio-implantology-and-comprehensive-dentistry\/#primaryimage\"},\"datePublished\":\"2023-01-13T14:44:10+00:00\",\"dateModified\":\"2023-06-16T07:12:26+00:00\",\"breadcrumb\":{\"@id\":\"https:\/\/regio10.hu\/en\/rendezveny\/perspectives-in-perio-implantology-and-comprehensive-dentistry\/#breadcrumb\"},\"inLanguage\":\"en-US\",\"potentialAction\":[{\"@type\":\"ReadAction\",\"target\":[\"https:\/\/regio10.hu\/en\/rendezveny\/perspectives-in-perio-implantology-and-comprehensive-dentistry\/\"]}]},{\"@type\":\"BreadcrumbList\",\"@id\":\"https:\/\/regio10.hu\/en\/rendezveny\/perspectives-in-perio-implantology-and-comprehensive-dentistry\/#breadcrumb\",\"itemListElement\":[{\"@type\":\"ListItem\",\"position\":1,\"name\":\"Past domestic events\",\"item\":\"https:\/\/regio10.hu\/en\/product-category\/lezarult-belfoldi-en\/\"},{\"@type\":\"ListItem\",\"position\":2,\"name\":\"Perspectives in Perio-Implantology and Comprehensive Dentistry\"}]}]}<\/script>\n<!-- \/ Yoast SEO plugin. -->","yoast_head_json":{"robots":{"index":"index","follow":"follow","max-snippet":"max-snippet:-1","max-image-preview":"max-image-preview:large","max-video-preview":"max-video-preview:-1"},"canonical":"https:\/\/regio10.hu\/en\/rendezveny\/perspectives-in-perio-implantology-and-comprehensive-dentistry\/","og_locale":"en_US","og_type":"article","og_title":"Perspectives in Perio-Implantology and Comprehensive Dentistry - R\u00e9gi\u00f3-10 Kft.","og_url":"https:\/\/regio10.hu\/en\/rendezveny\/perspectives-in-perio-implantology-and-comprehensive-dentistry\/","og_site_name":"R\u00e9gi\u00f3-10 Kft.","article_modified_time":"2023-06-16T07:12:26+00:00","og_image":[{"width":400,"height":265,"url":"http:\/\/regio10.hu\/wp-content\/uploads\/2022\/01\/24889277707_dbcc1fdcda_k_t.jpg","type":"image\/jpeg"}],"twitter_card":"summary_large_image","schema":{"@context":"https:\/\/schema.org","@graph":[{"@type":"WebSite","@id":"https:\/\/regio10.hu\/#website","url":"https:\/\/regio10.hu\/","name":"R\u00e9gi\u00f3-10 Kft.","description":"Rendezv\u00e9nyszervez\u00e9s Szegeden \u00e9s az eg\u00e9sz orsz\u00e1gban","potentialAction":[{"@type":"SearchAction","target":{"@type":"EntryPoint","urlTemplate":"https:\/\/regio10.hu\/?s={search_term_string}"},"query-input":"required name=search_term_string"}],"inLanguage":"en-US"},{"@type":"ImageObject","@id":"https:\/\/regio10.hu\/en\/rendezveny\/perspectives-in-perio-implantology-and-comprehensive-dentistry\/#primaryimage","inLanguage":"en-US","url":"https:\/\/regio10.hu\/wp-content\/uploads\/2022\/01\/24889277707_dbcc1fdcda_k_t.jpg","contentUrl":"https:\/\/regio10.hu\/wp-content\/uploads\/2022\/01\/24889277707_dbcc1fdcda_k_t.jpg","width":400,"height":265},{"@type":"WebPage","@id":"https:\/\/regio10.hu\/en\/rendezveny\/perspectives-in-perio-implantology-and-comprehensive-dentistry\/#webpage","url":"https:\/\/regio10.hu\/en\/rendezveny\/perspectives-in-perio-implantology-and-comprehensive-dentistry\/","name":"Perspectives in Perio-Implantology and Comprehensive Dentistry - R\u00e9gi\u00f3-10 Kft.","isPartOf":{"@id":"https:\/\/regio10.hu\/#website"},"primaryImageOfPage":{"@id":"https:\/\/regio10.hu\/en\/rendezveny\/perspectives-in-perio-implantology-and-comprehensive-dentistry\/#primaryimage"},"datePublished":"2023-01-13T14:44:10+00:00","dateModified":"2023-06-16T07:12:26+00:00","breadcrumb":{"@id":"https:\/\/regio10.hu\/en\/rendezveny\/perspectives-in-perio-implantology-and-comprehensive-dentistry\/#breadcrumb"},"inLanguage":"en-US","potentialAction":[{"@type":"ReadAction","target":["https:\/\/regio10.hu\/en\/rendezveny\/perspectives-in-perio-implantology-and-comprehensive-dentistry\/"]}]},{"@type":"BreadcrumbList","@id":"https:\/\/regio10.hu\/en\/rendezveny\/perspectives-in-perio-implantology-and-comprehensive-dentistry\/#breadcrumb","itemListElement":[{"@type":"ListItem","position":1,"name":"Past domestic events","item":"https:\/\/regio10.hu\/en\/product-category\/lezarult-belfoldi-en\/"},{"@type":"ListItem","position":2,"name":"Perspectives in Perio-Implantology and Comprehensive Dentistry"}]}]}},"_links":{"self":[{"href":"https:\/\/regio10.hu\/en\/wp-json\/wp\/v2\/product\/8837"}],"collection":[{"href":"https:\/\/regio10.hu\/en\/wp-json\/wp\/v2\/product"}],"about":[{"href":"https:\/\/regio10.hu\/en\/wp-json\/wp\/v2\/types\/product"}],"version-history":[{"count":18,"href":"https:\/\/regio10.hu\/en\/wp-json\/wp\/v2\/product\/8837\/revisions"}],"predecessor-version":[{"id":11673,"href":"https:\/\/regio10.hu\/en\/wp-json\/wp\/v2\/product\/8837\/revisions\/11673"}],"wp:featuredmedia":[{"embeddable":true,"href":"https:\/\/regio10.hu\/en\/wp-json\/wp\/v2\/media\/1836"}],"wp:attachment":[{"href":"https:\/\/regio10.hu\/en\/wp-json\/wp\/v2\/media?parent=8837"}],"wp:term":[{"taxonomy":"product_cat","embeddable":true,"href":"https:\/\/regio10.hu\/en\/wp-json\/wp\/v2\/product_cat?post=8837"},{"taxonomy":"product_tag","embeddable":true,"href":"https:\/\/regio10.hu\/en\/wp-json\/wp\/v2\/product_tag?post=8837"}],"curies":[{"name":"wp","href":"https:\/\/api.w.org\/{rel}","templated":true}]}}